{"id":52332,"date":"2021-01-28T17:40:36","date_gmt":"2021-01-28T16:40:36","guid":{"rendered":"https:\/\/castel.swiss\/mentions-legales\/"},"modified":"2024-02-19T17:25:49","modified_gmt":"2024-02-19T16:25:49","slug":"mentions-legales","status":"publish","type":"page","link":"https:\/\/castel.swiss\/fr\/mentions-legales\/","title":{"rendered":"Mentions l\u00e9gales"},"content":{"rendered":"<p>[et_pb_section fb_built=\u00a0\u00bb1&Prime; _builder_version=\u00a0\u00bb4.16&Prime; _module_preset=\u00a0\u00bbdefault\u00a0\u00bb background_color=\u00a0\u00bb#1a1a1b\u00a0\u00bb global_colors_info=\u00a0\u00bb{}\u00a0\u00bb][et_pb_row _builder_version=\u00a0\u00bb4.16&Prime; _module_preset=\u00a0\u00bbdefault\u00a0\u00bb custom_padding=\u00a0\u00bb30px|||||\u00a0\u00bb global_colors_info=\u00a0\u00bb{}\u00a0\u00bb][et_pb_column type=\u00a0\u00bb4_4&Prime; _builder_version=\u00a0\u00bb4.16&Prime; _module_preset=\u00a0\u00bbdefault\u00a0\u00bb global_colors_info=\u00a0\u00bb{}\u00a0\u00bb][et_pb_text _builder_version=\u00a0\u00bb4.24.1&Prime; _module_preset=\u00a0\u00bbdefault\u00a0\u00bb text_font=\u00a0\u00bbRoboto Slab||||||||\u00a0\u00bb text_font_size=\u00a0\u00bb41px\u00a0\u00bb text_line_height=\u00a0\u00bb1.1em\u00a0\u00bb hover_enabled=\u00a0\u00bb0&Prime; global_colors_info=\u00a0\u00bb{}\u00a0\u00bb header_text_color=\u00a0\u00bb#2ad4ea\u00a0\u00bb sticky_enabled=\u00a0\u00bb0&Prime; text_text_color=\u00a0\u00bb#2ad4ea\u00a0\u00bb]<\/p>\n<p><span color=\"#ff2e3e\">Mentions l\u00e9gales<\/span><\/p>\n<p>[\/et_pb_text][et_pb_text _builder_version=\u00a0\u00bb4.24.1&Prime; _module_preset=\u00a0\u00bbdefault\u00a0\u00bb text_text_color=\u00a0\u00bb#ffffff\u00a0\u00bb link_text_color=\u00a0\u00bb#2ad4ea\u00a0\u00bb header_2_font=\u00a0\u00bbRoboto Slab||||||||\u00a0\u00bb header_2_text_color=\u00a0\u00bb#ffffff\u00a0\u00bb header_2_font_size=\u00a0\u00bb20px\u00a0\u00bb hover_enabled=\u00a0\u00bb0&Prime; inline_fonts=\u00a0\u00bbInter\u00a0\u00bb global_colors_info=\u00a0\u00bb{}\u00a0\u00bb sticky_enabled=\u00a0\u00bb0&Prime;]<\/p>\n<h2><span style=\"font-size: 20px;\">Adresse de contact<\/span><\/h2>\n<div class=\"TypographyPresentation TypographyPresentation--m RichText3-paragraph--withVSpacingNormal RichText3-paragraph\"><strong>Ruppen-Rieder GmbH<\/strong><\/div>\n<div class=\"TypographyPresentation TypographyPresentation--m RichText3-paragraph--withVSpacingNormal RichText3-paragraph\"><\/div>\n<div class=\"TypographyPresentation TypographyPresentation--m RichText3-paragraph--withVSpacingNormal RichText3-paragraph\"><\/div>\n<div class=\"TypographyPresentation TypographyPresentation--m RichText3-paragraph--withVSpacingNormal RichText3-paragraph\">Christian Ruppen<\/div>\n<div class=\"TypographyPresentation TypographyPresentation--m RichText3-paragraph--withVSpacingNormal RichText3-paragraph\">Saastalstrasse 369<\/div>\n<div class=\"TypographyPresentation TypographyPresentation--m RichText3-paragraph--withVSpacingNormal RichText3-paragraph\">3910 Saas-Grund<\/div>\n<div class=\"TypographyPresentation TypographyPresentation--m RichText3-paragraph--withVSpacingNormal RichText3-paragraph\"><\/div>\n<p><span>Schweiz<\/span><\/p>\n<p><span style=\"font-weight: 400;\">E-Mail: <\/span><span style=\"font-weight: 400;\"><br \/><\/span><a href=\"mailto:info@castel.swiss\">info@castel.swiss<\/a><\/p>\n<p><span style=\"font-weight: 400;\"><br \/><\/span><b>Repr\u00e9sentant(s) autoris\u00e9(s)<\/b><\/p>\n<p><span style=\"font-weight: 400;\">Christian Ruppen<\/span><\/p>\n<p>&nbsp;<\/p>\n<h2><span style=\"font-weight: 400;\">Concept, conception et mise en \u0153uvre<\/span><\/h2>\n<p><b>ATTITUDE<\/b><\/p>\n<p><span style=\"font-weight: 400;\"><span>Pomonastrasse 12b<\/span><span><br \/><\/span><span>3930 Visp<\/span><span><br \/><\/span><\/span><span><a href=\"http:\/\/www.by-Attitude.ch\">www.byAttitude.ch<\/a><a href=\"http:\/\/www.ab3.ch\/\"><\/a><\/span><\/p>\n<p><span><\/span><\/p>\n<h2><span>Technischer Partner<\/span><\/h2>\n<p><b>pomino<\/b><\/p>\n<p><span style=\"font-weight: 400;\"><span>Pomonastrasse 12b<\/span><span><br \/><\/span><span>3930 Visp<\/span><\/span><\/p>\n<p><a href=\"www.pomino.ch\"><span>www.pomino.ch<\/span><\/a><\/p>\n<p>&nbsp;<\/p>\n<p><span style=\"font-weight: 400;\"> <\/span><\/p>\n<p><b>Inscription au registre du commerce<\/b><\/p>\n<p><span style=\"font-weight: 400;\">D\u00e9nomination sociale: <strong>Ruppen-Rieder GmbH<\/strong><\/span><span style=\"font-weight: 400;\"><br \/><\/span><span style=\"font-weight: 400;\">N\u00b0 de registre du commerce: <span>CH-600.4.019.682-8<\/span><\/span><\/p>\n<p><span style=\"font-weight: 400;\"> <\/span><\/p>\n<p><b>Clause de non-responsabilit\u00e9<\/b><\/p>\n<p><span style=\"font-weight: 400;\">L\u2019auteur n\u2019assume aucune responsabilit\u00e9 quant \u00e0 l\u2019exactitude, la pr\u00e9cision, l\u2019actualit\u00e9, la fiabilit\u00e9 et l\u2019exhaustivit\u00e9 des informations.<\/span><\/p>\n<p><span style=\"font-weight: 400;\">Les r\u00e9clamations en responsabilit\u00e9 concernant les dommages caus\u00e9s par l\u2019utilisation de toute information fournie, y compris tout type d\u2019information incompl\u00e8te ou incorrecte, seront donc rejet\u00e9es.<\/span><\/p>\n<p><span style=\"font-weight: 400;\">Toutes les offres sont sans engagement. Des parties de pages ou la publication compl\u00e8te, y compris toutes les offres et informations, peuvent \u00eatre \u00e9tendues, modifi\u00e9es ou partiellement ou totalement supprim\u00e9es par l\u2019auteur sans annonce s\u00e9par\u00e9e.<\/span><\/p>\n<p><span style=\"font-weight: 400;\"> <\/span><\/p>\n<p><b>Avis de non-responsabilit\u00e9 pour les liens<\/b><\/p>\n<p><span style=\"font-weight: 400;\">Les r\u00e9f\u00e9rences et les liens vers des sites web tiers ne rel\u00e8vent pas de notre responsabilit\u00e9. Toute responsabilit\u00e9 concernant ces sites web est d\u00e9clin\u00e9e. L\u2019acc\u00e8s et l\u2019utilisation de ces sites web se font aux risques et p\u00e9rils de l\u2019utilisateur concern\u00e9.<\/span><\/p>\n<p><span style=\"font-weight: 400;\"> <\/span><\/p>\n<p><b>Droits d\u2019auteur<\/b><\/p>\n<p><span style=\"font-weight: 400;\">Les droits d\u2019auteur et tous les autres droits sur le contenu, les images, les photos ou autres fichiers de ce site appartiennent exclusivement \u00e0<\/span> <b>Christian et Lilian Ruppen<\/b><span style=\"font-weight: 400;\"> ou aux d\u00e9tenteurs de droits d\u2019auteur sp\u00e9cifiquement nomm\u00e9s. Pour la reproduction de tout \u00e9l\u00e9ment, le consentement \u00e9crit du d\u00e9tenteur des droits d\u2019auteur doit \u00eatre obtenu au pr\u00e9alable.<\/span><\/p>\n<p><span style=\"font-weight: 400;\"> <\/span><\/p>\n<p><span style=\"font-weight: 400;\"><br \/><\/span><span style=\"font-weight: 400;\">Source: <\/span><a href=\"https:\/\/www.swissanwalt.ch\/\"><span style=\"font-weight: 400;\">SwissAnwalt<\/span><\/a><\/p>\n<p>[\/et_pb_text][\/et_pb_column][\/et_pb_row][\/et_pb_section]<\/p>\n","protected":false},"excerpt":{"rendered":"<p>Mentions l\u00e9galesAdresse de contact Ruppen-Rieder GmbH Christian Ruppen Saastalstrasse 369 3910 Saas-Grund Schweiz E-Mail: info@castel.swiss Repr\u00e9sentant(s) autoris\u00e9(s) Christian Ruppen &nbsp; Concept, conception et mise en \u0153uvre ATTITUDE Pomonastrasse 12b3930 Vispwww.byAttitude.ch Technischer Partner pomino Pomonastrasse 12b3930 Visp www.pomino.ch &nbsp; Inscription au registre du commerce D\u00e9nomination sociale: Ruppen-Rieder GmbHN\u00b0 de registre du commerce: CH-600.4.019.682-8 Clause de non-responsabilit\u00e9 [&hellip;]<\/p>\n","protected":false},"author":1,"featured_media":0,"parent":0,"menu_order":0,"comment_status":"closed","ping_status":"closed","template":"","meta":{"_et_pb_use_builder":"on","_et_pb_old_content":"","_et_gb_content_width":"","footnotes":""},"class_list":["post-52332","page","type-page","status-publish","hentry"],"yoast_head":"<!-- This site is optimized with the Yoast SEO plugin v22.7 - https:\/\/yoast.com\/wordpress\/plugins\/seo\/ -->\n<title>Mentions l\u00e9gales - Castel Apartments<\/title>\n<meta name=\"robots\" content=\"index, follow, max-snippet:-1, max-image-preview:large, max-video-preview:-1\" \/>\n<link rel=\"canonical\" href=\"https:\/\/castel.swiss\/fr\/mentions-legales\/\" \/>\n<meta property=\"og:locale\" content=\"fr_FR\" \/>\n<meta property=\"og:type\" content=\"article\" \/>\n<meta property=\"og:title\" content=\"Mentions l\u00e9gales - Castel Apartments\" \/>\n<meta property=\"og:url\" content=\"https:\/\/castel.swiss\/fr\/mentions-legales\/\" \/>\n<meta property=\"og:site_name\" content=\"Castel Apartments\" \/>\n<meta property=\"article:modified_time\" content=\"2024-02-19T16:25:49+00:00\" \/>\n<meta name=\"twitter:card\" content=\"summary_large_image\" \/>\n<meta name=\"twitter:label1\" content=\"Dur\u00e9e de lecture estim\u00e9e\" \/>\n\t<meta name=\"twitter:data1\" content=\"2 minutes\" \/>\n<script type=\"application\/ld+json\" class=\"yoast-schema-graph\">{\"@context\":\"https:\/\/schema.org\",\"@graph\":[{\"@type\":\"WebPage\",\"@id\":\"https:\/\/castel.swiss\/fr\/mentions-legales\/\",\"url\":\"https:\/\/castel.swiss\/fr\/mentions-legales\/\",\"name\":\"Mentions l\u00e9gales - Castel Apartments\",\"isPartOf\":{\"@id\":\"https:\/\/castel.swiss\/fr\/#website\"},\"datePublished\":\"2021-01-28T16:40:36+00:00\",\"dateModified\":\"2024-02-19T16:25:49+00:00\",\"breadcrumb\":{\"@id\":\"https:\/\/castel.swiss\/fr\/mentions-legales\/#breadcrumb\"},\"inLanguage\":\"fr-FR\",\"potentialAction\":[{\"@type\":\"ReadAction\",\"target\":[\"https:\/\/castel.swiss\/fr\/mentions-legales\/\"]}]},{\"@type\":\"BreadcrumbList\",\"@id\":\"https:\/\/castel.swiss\/fr\/mentions-legales\/#breadcrumb\",\"itemListElement\":[{\"@type\":\"ListItem\",\"position\":1,\"name\":\"Startseite\",\"item\":\"https:\/\/castel.swiss\/fr\/?page_id=56097\"},{\"@type\":\"ListItem\",\"position\":2,\"name\":\"Mentions l\u00e9gales\"}]},{\"@type\":\"WebSite\",\"@id\":\"https:\/\/castel.swiss\/fr\/#website\",\"url\":\"https:\/\/castel.swiss\/fr\/\",\"name\":\"Castel Apartments\",\"description\":\"Apartments im Saastal\",\"potentialAction\":[{\"@type\":\"SearchAction\",\"target\":{\"@type\":\"EntryPoint\",\"urlTemplate\":\"https:\/\/castel.swiss\/fr\/?s={search_term_string}\"},\"query-input\":\"required name=search_term_string\"}],\"inLanguage\":\"fr-FR\"}]}<\/script>\n<!-- \/ Yoast SEO plugin. -->","yoast_head_json":{"title":"Mentions l\u00e9gales - Castel Apartments","robots":{"index":"index","follow":"follow","max-snippet":"max-snippet:-1","max-image-preview":"max-image-preview:large","max-video-preview":"max-video-preview:-1"},"canonical":"https:\/\/castel.swiss\/fr\/mentions-legales\/","og_locale":"fr_FR","og_type":"article","og_title":"Mentions l\u00e9gales - Castel Apartments","og_url":"https:\/\/castel.swiss\/fr\/mentions-legales\/","og_site_name":"Castel Apartments","article_modified_time":"2024-02-19T16:25:49+00:00","twitter_card":"summary_large_image","twitter_misc":{"Dur\u00e9e de lecture estim\u00e9e":"2 minutes"},"schema":{"@context":"https:\/\/schema.org","@graph":[{"@type":"WebPage","@id":"https:\/\/castel.swiss\/fr\/mentions-legales\/","url":"https:\/\/castel.swiss\/fr\/mentions-legales\/","name":"Mentions l\u00e9gales - Castel Apartments","isPartOf":{"@id":"https:\/\/castel.swiss\/fr\/#website"},"datePublished":"2021-01-28T16:40:36+00:00","dateModified":"2024-02-19T16:25:49+00:00","breadcrumb":{"@id":"https:\/\/castel.swiss\/fr\/mentions-legales\/#breadcrumb"},"inLanguage":"fr-FR","potentialAction":[{"@type":"ReadAction","target":["https:\/\/castel.swiss\/fr\/mentions-legales\/"]}]},{"@type":"BreadcrumbList","@id":"https:\/\/castel.swiss\/fr\/mentions-legales\/#breadcrumb","itemListElement":[{"@type":"ListItem","position":1,"name":"Startseite","item":"https:\/\/castel.swiss\/fr\/?page_id=56097"},{"@type":"ListItem","position":2,"name":"Mentions l\u00e9gales"}]},{"@type":"WebSite","@id":"https:\/\/castel.swiss\/fr\/#website","url":"https:\/\/castel.swiss\/fr\/","name":"Castel Apartments","description":"Apartments im Saastal","potentialAction":[{"@type":"SearchAction","target":{"@type":"EntryPoint","urlTemplate":"https:\/\/castel.swiss\/fr\/?s={search_term_string}"},"query-input":"required name=search_term_string"}],"inLanguage":"fr-FR"}]}},"_links":{"self":[{"href":"https:\/\/castel.swiss\/fr\/wp-json\/wp\/v2\/pages\/52332","targetHints":{"allow":["GET"]}}],"collection":[{"href":"https:\/\/castel.swiss\/fr\/wp-json\/wp\/v2\/pages"}],"about":[{"href":"https:\/\/castel.swiss\/fr\/wp-json\/wp\/v2\/types\/page"}],"author":[{"embeddable":true,"href":"https:\/\/castel.swiss\/fr\/wp-json\/wp\/v2\/users\/1"}],"replies":[{"embeddable":true,"href":"https:\/\/castel.swiss\/fr\/wp-json\/wp\/v2\/comments?post=52332"}],"version-history":[{"count":7,"href":"https:\/\/castel.swiss\/fr\/wp-json\/wp\/v2\/pages\/52332\/revisions"}],"predecessor-version":[{"id":56038,"href":"https:\/\/castel.swiss\/fr\/wp-json\/wp\/v2\/pages\/52332\/revisions\/56038"}],"wp:attachment":[{"href":"https:\/\/castel.swiss\/fr\/wp-json\/wp\/v2\/media?parent=52332"}],"curies":[{"name":"wp","href":"https:\/\/api.w.org\/{rel}","templated":true}]}}